{"id":14462,"date":"2022-03-31T09:54:32","date_gmt":"2022-03-31T07:54:32","guid":{"rendered":"https:\/\/www.campingbellaterra.com\/kinderspielplatz\/"},"modified":"2024-11-15T11:39:05","modified_gmt":"2024-11-15T10:39:05","slug":"kinderspielplatz","status":"publish","type":"page","link":"https:\/\/www.campingbellaterra.com\/de\/kinderspielplatz\/","title":{"rendered":"Kinderspielplatz"},"content":{"rendered":"<div class=\"wp-block-cover alignfull wp-align-content-end block-bottom\" style=\"min-height:100vh;aspect-ratio:unset;\" id=\"scrolldown\"><span aria-hidden=\"true\" class=\"wp-block-cover__background has-background-dim-10 has-background-dim\"><\/span><noscript><img decoding=\"async\" width=\"1920\" height=\"1080\" class=\"wp-block-cover__image-background wp-image-11554\" alt src=\"https:\/\/www.campingbellaterra.com\/wp-content\/uploads\/parc-infantil-main.webp\" data-object-fit=\"cover\" srcset=\"https:\/\/www.campingbellaterra.com\/wp-content\/uploads\/parc-infantil-main.webp 1920w, https:\/\/www.campingbellaterra.com\/wp-content\/uploads\/parc-infantil-main-1024x576.webp 1024w, https:\/\/www.campingbellaterra.com\/wp-content\/uploads\/parc-infantil-main-768x432.webp 768w, https:\/\/www.campingbellaterra.com\/wp-content\/uploads\/parc-infantil-main-1536x864.webp 1536w\" sizes=\"(max-width: 1920px) 100vw, 1920px\"><\/noscript><img decoding=\"async\" width=\"1920\" height=\"1080\" class=\"wp-block-cover__image-background wp-image-11554 lazyload\" alt src=\"data:image\/svg+xml,%3Csvg%20xmlns%3D%22http%3A%2F%2Fwww.w3.org%2F2000%2Fsvg%22%20viewBox%3D%220%200%201920%201080%22%3E%3C%2Fsvg%3E\" data-object-fit=\"cover\" srcset=\"data:image\/svg+xml,%3Csvg%20xmlns%3D%22http%3A%2F%2Fwww.w3.org%2F2000%2Fsvg%22%20viewBox%3D%220%200%201920%201080%22%3E%3C%2Fsvg%3E 1920w\" sizes=\"(max-width: 1920px) 100vw, 1920px\" data-srcset=\"https:\/\/www.campingbellaterra.com\/wp-content\/uploads\/parc-infantil-main.webp 1920w, https:\/\/www.campingbellaterra.com\/wp-content\/uploads\/parc-infantil-main-1024x576.webp 1024w, https:\/\/www.campingbellaterra.com\/wp-content\/uploads\/parc-infantil-main-768x432.webp 768w, https:\/\/www.campingbellaterra.com\/wp-content\/uploads\/parc-infantil-main-1536x864.webp 1536w\" data-src=\"https:\/\/www.campingbellaterra.com\/wp-content\/uploads\/parc-infantil-main.webp\"><div class=\"wp-block-cover__inner-container is-layout-flow wp-block-cover-is-layout-flow\">\n<div class=\"wp-block-columns is-not-stacked-on-mobile alignwide is-layout-flex wp-container-core-columns-is-layout-28f84493 wp-block-columns-is-layout-flex\">\n<div class=\"wp-block-column is-vertically-aligned-bottom is-layout-flow wp-block-column-is-layout-flow\" style=\"flex-basis:75%\">\n<h1 class=\"wp-block-heading large-text-shadow has-blank-white-color has-text-color\" id=\"a-peu-de-platja\"><span class=\"text-stroke\">Kinder<\/span>spielplatz<\/h1>\n\n\n\n<p class=\"short-text-shadow icon-date_range has-blank-white-color has-text-color has-link-color wp-elements-15d1b01851e6d254f3d642392f736ded\">Er\u00f6ffnungstermin: 28. M\u00e4rz<\/p>\n<\/div>\n\n\n\n<div class=\"wp-block-column is-vertically-aligned-bottom is-layout-flow wp-block-column-is-layout-flow\" style=\"flex-basis:25%\"><div id=\"owm-weather-id-497-1\" class=\"owm-weather-id\" data-id=\"497\" data-weather_id=\"owm-weather-id-497-1\"><div class=\"owmw-loading-spinner\"><button id=\"button-owm-weather-id-497-1\" onclick=\"owmw_refresh_weather(this.id)\"><noscript><img decoding=\"async\" src=\"https:\/\/www.campingbellaterra.com\/wp-content\/plugins\/owm-weather\/img\/owmloading.gif\" alt=\"loader\"><\/noscript><img decoding=\"async\" src=\"data:image\/gif;base64,R0lGODlhAQABAIAAAAAAAP\/\/\/yH5BAEAAAAALAAAAAABAAEAAAIBRAA7\" alt=\"loader\" data-src=\"https:\/\/www.campingbellaterra.com\/wp-content\/plugins\/owm-weather\/img\/owmloading.gif\" class=\" lazyload\"><\/button><\/div><\/div>\n<\/div>\n<\/div>\n\n\n\n<div class=\"wp-block-buttons is-content-justification-center is-layout-flex wp-container-core-buttons-is-layout-a89b3969 wp-block-buttons-is-layout-flex\">\n<div class=\"wp-block-button icon-mouse icon-link\"><a class=\"wp-block-button__link wp-element-button\" href=\"#scrolldown\"><strong>scrolldown<\/strong><\/a><\/div>\n<\/div>\n<\/div><\/div>\n\n\n\n<div class=\"wp-block-media-text alignwide has-media-on-the-right is-stacked-on-mobile block-bottom\" id=\"scrolldown\"><div class=\"wp-block-media-text__content\">\n<p>Auf unserem Spielplatz, der einem lustigen Dschungel nachempfunden wurde, k\u00f6nnen die Kleinen von der Spitze der T\u00fcrme die Rutschen hinunterrutschen, Tic-Tac-Toe spielen, verschlungene Br\u00fccken \u00fcberqueren oder schaukeln.<\/p>\n\n\n\n<p>Der Spielplatz hat einen Gummiboden und ist eingez\u00e4unt, damit sich die Kleinen bequem und sicher vergn\u00fcgen k\u00f6nnen.<\/p>\n<\/div><figure class=\"wp-block-media-text__media\"><noscript><img decoding=\"async\" width=\"842\" height=\"595\" src=\"https:\/\/www.campingbellaterra.com\/wp-content\/uploads\/bella-parc-infantil.webp\" alt class=\"wp-image-11918 size-full\" srcset=\"https:\/\/www.campingbellaterra.com\/wp-content\/uploads\/bella-parc-infantil.webp 842w, https:\/\/www.campingbellaterra.com\/wp-content\/uploads\/bella-parc-infantil-768x543.webp 768w\" sizes=\"(max-width: 842px) 100vw, 842px\"><\/noscript><img decoding=\"async\" width=\"842\" height=\"595\" src=\"data:image\/svg+xml,%3Csvg%20xmlns%3D%22http%3A%2F%2Fwww.w3.org%2F2000%2Fsvg%22%20viewBox%3D%220%200%20842%20595%22%3E%3C%2Fsvg%3E\" alt class=\"wp-image-11918 size-full lazyload\" srcset=\"data:image\/svg+xml,%3Csvg%20xmlns%3D%22http%3A%2F%2Fwww.w3.org%2F2000%2Fsvg%22%20viewBox%3D%220%200%20842%20595%22%3E%3C%2Fsvg%3E 842w\" sizes=\"(max-width: 842px) 100vw, 842px\" data-srcset=\"https:\/\/www.campingbellaterra.com\/wp-content\/uploads\/bella-parc-infantil.webp 842w, https:\/\/www.campingbellaterra.com\/wp-content\/uploads\/bella-parc-infantil-768x543.webp 768w\" data-src=\"https:\/\/www.campingbellaterra.com\/wp-content\/uploads\/bella-parc-infantil.webp\"><\/figure><\/div>\n\n\n<div id=\"wp-block-slider-block_4ab171a3418e12ec4bd4d0a6031f9a27\" class=\"wp-block-slider block-bottom alignfull\" style>\n    <div class=\"contingut-texte\">\n                    <div class=\"slider-container\"><div class=\"splide galeria-slider galeria-columnas-1\" id=\"slide_900\"><div class=\"splide__track\"><div class=\"splide__list\"><div id=\"thumb-11599\" class=\"splide__slide\" data-counter=\"01\/03\"><noscript><img decoding=\"async\" width=\"1900\" height=\"900\" src=\"https:\/\/www.campingbellaterra.com\/wp-content\/uploads\/1-playground.webp\" class=\"attachment-panoramic size-panoramic\" alt srcset=\"https:\/\/www.campingbellaterra.com\/wp-content\/uploads\/1-playground.webp 1900w, https:\/\/www.campingbellaterra.com\/wp-content\/uploads\/1-playground-1024x485.webp 1024w, https:\/\/www.campingbellaterra.com\/wp-content\/uploads\/1-playground-768x364.webp 768w, https:\/\/www.campingbellaterra.com\/wp-content\/uploads\/1-playground-1536x728.webp 1536w, https:\/\/www.campingbellaterra.com\/wp-content\/uploads\/1-playground-1266x600.webp 1266w, https:\/\/www.campingbellaterra.com\/wp-content\/uploads\/1-playground-950x450.webp 950w, https:\/\/www.campingbellaterra.com\/wp-content\/uploads\/1-playground-633x300.webp 633w, https:\/\/www.campingbellaterra.com\/wp-content\/uploads\/1-playground-475x225.webp 475w\" sizes=\"(max-width: 1900px) 100vw, 1900px\"><\/noscript><img decoding=\"async\" width=\"1900\" height=\"900\" src=\"data:image\/svg+xml,%3Csvg%20xmlns%3D%22http%3A%2F%2Fwww.w3.org%2F2000%2Fsvg%22%20viewBox%3D%220%200%201900%20900%22%3E%3C%2Fsvg%3E\" class=\"attachment-panoramic size-panoramic lazyload\" alt srcset=\"data:image\/svg+xml,%3Csvg%20xmlns%3D%22http%3A%2F%2Fwww.w3.org%2F2000%2Fsvg%22%20viewBox%3D%220%200%201900%20900%22%3E%3C%2Fsvg%3E 1900w\" sizes=\"(max-width: 1900px) 100vw, 1900px\" data-srcset=\"https:\/\/www.campingbellaterra.com\/wp-content\/uploads\/1-playground.webp 1900w, https:\/\/www.campingbellaterra.com\/wp-content\/uploads\/1-playground-1024x485.webp 1024w, https:\/\/www.campingbellaterra.com\/wp-content\/uploads\/1-playground-768x364.webp 768w, https:\/\/www.campingbellaterra.com\/wp-content\/uploads\/1-playground-1536x728.webp 1536w, https:\/\/www.campingbellaterra.com\/wp-content\/uploads\/1-playground-1266x600.webp 1266w, https:\/\/www.campingbellaterra.com\/wp-content\/uploads\/1-playground-950x450.webp 950w, https:\/\/www.campingbellaterra.com\/wp-content\/uploads\/1-playground-633x300.webp 633w, https:\/\/www.campingbellaterra.com\/wp-content\/uploads\/1-playground-475x225.webp 475w\" data-src=\"https:\/\/www.campingbellaterra.com\/wp-content\/uploads\/1-playground.webp\"><\/div><div id=\"thumb-11606\" class=\"splide__slide\" data-counter=\"02\/03\"><noscript><img decoding=\"async\" width=\"1900\" height=\"900\" src=\"https:\/\/www.campingbellaterra.com\/wp-content\/uploads\/2-playground.webp\" class=\"attachment-panoramic size-panoramic\" alt srcset=\"https:\/\/www.campingbellaterra.com\/wp-content\/uploads\/2-playground.webp 1900w, https:\/\/www.campingbellaterra.com\/wp-content\/uploads\/2-playground-1024x485.webp 1024w, https:\/\/www.campingbellaterra.com\/wp-content\/uploads\/2-playground-768x364.webp 768w, https:\/\/www.campingbellaterra.com\/wp-content\/uploads\/2-playground-1536x728.webp 1536w, https:\/\/www.campingbellaterra.com\/wp-content\/uploads\/2-playground-1266x600.webp 1266w, https:\/\/www.campingbellaterra.com\/wp-content\/uploads\/2-playground-950x450.webp 950w, https:\/\/www.campingbellaterra.com\/wp-content\/uploads\/2-playground-633x300.webp 633w, https:\/\/www.campingbellaterra.com\/wp-content\/uploads\/2-playground-475x225.webp 475w\" sizes=\"(max-width: 1900px) 100vw, 1900px\"><\/noscript><img decoding=\"async\" width=\"1900\" height=\"900\" src=\"data:image\/svg+xml,%3Csvg%20xmlns%3D%22http%3A%2F%2Fwww.w3.org%2F2000%2Fsvg%22%20viewBox%3D%220%200%201900%20900%22%3E%3C%2Fsvg%3E\" class=\"attachment-panoramic size-panoramic lazyload\" alt srcset=\"data:image\/svg+xml,%3Csvg%20xmlns%3D%22http%3A%2F%2Fwww.w3.org%2F2000%2Fsvg%22%20viewBox%3D%220%200%201900%20900%22%3E%3C%2Fsvg%3E 1900w\" sizes=\"(max-width: 1900px) 100vw, 1900px\" data-srcset=\"https:\/\/www.campingbellaterra.com\/wp-content\/uploads\/2-playground.webp 1900w, https:\/\/www.campingbellaterra.com\/wp-content\/uploads\/2-playground-1024x485.webp 1024w, https:\/\/www.campingbellaterra.com\/wp-content\/uploads\/2-playground-768x364.webp 768w, https:\/\/www.campingbellaterra.com\/wp-content\/uploads\/2-playground-1536x728.webp 1536w, https:\/\/www.campingbellaterra.com\/wp-content\/uploads\/2-playground-1266x600.webp 1266w, https:\/\/www.campingbellaterra.com\/wp-content\/uploads\/2-playground-950x450.webp 950w, https:\/\/www.campingbellaterra.com\/wp-content\/uploads\/2-playground-633x300.webp 633w, https:\/\/www.campingbellaterra.com\/wp-content\/uploads\/2-playground-475x225.webp 475w\" data-src=\"https:\/\/www.campingbellaterra.com\/wp-content\/uploads\/2-playground.webp\"><\/div><div id=\"thumb-11613\" class=\"splide__slide\" data-counter=\"03\/03\"><noscript><img decoding=\"async\" width=\"1900\" height=\"900\" src=\"https:\/\/www.campingbellaterra.com\/wp-content\/uploads\/3-playground.webp\" class=\"attachment-panoramic size-panoramic\" alt srcset=\"https:\/\/www.campingbellaterra.com\/wp-content\/uploads\/3-playground.webp 1900w, https:\/\/www.campingbellaterra.com\/wp-content\/uploads\/3-playground-1024x485.webp 1024w, https:\/\/www.campingbellaterra.com\/wp-content\/uploads\/3-playground-768x364.webp 768w, https:\/\/www.campingbellaterra.com\/wp-content\/uploads\/3-playground-1536x728.webp 1536w, https:\/\/www.campingbellaterra.com\/wp-content\/uploads\/3-playground-1266x600.webp 1266w, https:\/\/www.campingbellaterra.com\/wp-content\/uploads\/3-playground-950x450.webp 950w, https:\/\/www.campingbellaterra.com\/wp-content\/uploads\/3-playground-633x300.webp 633w, https:\/\/www.campingbellaterra.com\/wp-content\/uploads\/3-playground-475x225.webp 475w\" sizes=\"(max-width: 1900px) 100vw, 1900px\"><\/noscript><img decoding=\"async\" width=\"1900\" height=\"900\" src=\"data:image\/svg+xml,%3Csvg%20xmlns%3D%22http%3A%2F%2Fwww.w3.org%2F2000%2Fsvg%22%20viewBox%3D%220%200%201900%20900%22%3E%3C%2Fsvg%3E\" class=\"attachment-panoramic size-panoramic lazyload\" alt srcset=\"data:image\/svg+xml,%3Csvg%20xmlns%3D%22http%3A%2F%2Fwww.w3.org%2F2000%2Fsvg%22%20viewBox%3D%220%200%201900%20900%22%3E%3C%2Fsvg%3E 1900w\" sizes=\"(max-width: 1900px) 100vw, 1900px\" data-srcset=\"https:\/\/www.campingbellaterra.com\/wp-content\/uploads\/3-playground.webp 1900w, https:\/\/www.campingbellaterra.com\/wp-content\/uploads\/3-playground-1024x485.webp 1024w, https:\/\/www.campingbellaterra.com\/wp-content\/uploads\/3-playground-768x364.webp 768w, https:\/\/www.campingbellaterra.com\/wp-content\/uploads\/3-playground-1536x728.webp 1536w, https:\/\/www.campingbellaterra.com\/wp-content\/uploads\/3-playground-1266x600.webp 1266w, https:\/\/www.campingbellaterra.com\/wp-content\/uploads\/3-playground-950x450.webp 950w, https:\/\/www.campingbellaterra.com\/wp-content\/uploads\/3-playground-633x300.webp 633w, https:\/\/www.campingbellaterra.com\/wp-content\/uploads\/3-playground-475x225.webp 475w\" data-src=\"https:\/\/www.campingbellaterra.com\/wp-content\/uploads\/3-playground.webp\"><\/div><\/div><\/div><\/div><\/div>\n            <script>\n            document.addEventListener( 'DOMContentLoaded', function () {\n\n                var splide = new Splide( '#slide_900', \n                    {\n                    type   : 'slide',\n                    pagination : true,\n                    arrows: false,\n                    perPage: 1,\n                    gap: '2em',\n                    padding: {\n                        left : '0%',\n                        right: '0%',\n                        },\n                    breakpoints: {\n                        750: {\n                            perPage: 0,\n                        },\n                        600: {\n                            perPage: 1,\n                        },\n                    }    \n\n\n                    }\n                ).mount();\n\n                function counter(){\n                    return document.querySelector('#slide_900 .is-active.is-visible').getAttribute('data-counter');\n                }\n\n                let initCounter = counter();\n\n                let arrows = document.querySelector('#slide_900 .splide__arrows');\n                let divCounter = '<div class=\"splide__counter\">'+initCounter+'<\/div>';\n                arrows.insertAdjacentHTML('afterend', divCounter);\n                console.log(counter());\n                splide.on( 'moved', function() {\n                    document.querySelector('#slide_900 .splide__counter').textContent = counter();\n                } );\n\n            });\n            <\/script>\n                        \n    <\/div>\n<\/div>\n","protected":false},"excerpt":{"rendered":"<p>Auf unserem Spielplatz, der einem lustigen Dschungel nachempfunden wurde, k\u00f6nnen die Kleinen von der Spitze der T\u00fcrme die Rutschen hinunterrutschen, Tic-Tac-Toe spielen, verschlungene Br\u00fccken \u00fcberqueren&#8230;<\/p>\n","protected":false},"author":1,"featured_media":0,"parent":0,"menu_order":9,"comment_status":"closed","ping_status":"closed","template":"","meta":{"_acf_changed":false,"inline_featured_image":false,"_monsterinsights_skip_tracking":false,"_monsterinsights_sitenote_active":false,"_monsterinsights_sitenote_note":"","_monsterinsights_sitenote_category":0,"footnotes":""},"class_list":["post-14462","page","type-page","status-publish","hentry"],"acf":[],"yoast_head":"<!-- This site is optimized with the Yoast SEO plugin v27.0 - https:\/\/yoast.com\/product\/yoast-seo-wordpress\/ -->\n<title>Kinderspielplatz - Camping Bella Terra<\/title>\n<meta name=\"robots\" content=\"index, follow, max-snippet:-1, max-image-preview:large, max-video-preview:-1\" \/>\n<link rel=\"canonical\" href=\"https:\/\/www.campingbellaterra.com\/de\/kinderspielplatz\/\" \/>\n<meta property=\"og:locale\" content=\"de_DE\" \/>\n<meta property=\"og:type\" content=\"article\" \/>\n<meta property=\"og:title\" content=\"Kinderspielplatz - Camping Bella Terra\" \/>\n<meta property=\"og:description\" content=\"Auf unserem Spielplatz, der einem lustigen Dschungel nachempfunden wurde, k\u00f6nnen die Kleinen von der Spitze der T\u00fcrme die Rutschen hinunterrutschen, Tic-Tac-Toe spielen, verschlungene Br\u00fccken \u00fcberqueren...\" \/>\n<meta property=\"og:url\" content=\"https:\/\/www.campingbellaterra.com\/de\/kinderspielplatz\/\" \/>\n<meta property=\"og:site_name\" content=\"Camping Bella Terra\" \/>\n<meta property=\"article:publisher\" content=\"https:\/\/www.facebook.com\/campingbellaterra\/\" \/>\n<meta property=\"article:modified_time\" content=\"2024-11-15T10:39:05+00:00\" \/>\n<meta property=\"og:image\" content=\"https:\/\/www.campingbellaterra.com\/wp-content\/uploads\/parc-infantil-main.webp\" \/>\n<meta name=\"twitter:card\" content=\"summary_large_image\" \/>\n<meta name=\"twitter:site\" content=\"@cbellaterra\" \/>\n<meta name=\"twitter:label1\" content=\"Gesch\u00e4tzte Lesezeit\" \/>\n\t<meta name=\"twitter:data1\" content=\"2\u00a0Minuten\" \/>\n<script type=\"application\/ld+json\" class=\"yoast-schema-graph\">{\"@context\":\"https:\/\/schema.org\",\"@graph\":[{\"@type\":\"WebPage\",\"@id\":\"https:\/\/www.campingbellaterra.com\/de\/kinderspielplatz\/\",\"url\":\"https:\/\/www.campingbellaterra.com\/de\/kinderspielplatz\/\",\"name\":\"Kinderspielplatz - Camping Bella Terra\",\"isPartOf\":{\"@id\":\"https:\/\/www.campingbellaterra.com\/de\/#website\"},\"primaryImageOfPage\":{\"@id\":\"https:\/\/www.campingbellaterra.com\/de\/kinderspielplatz\/#primaryimage\"},\"image\":{\"@id\":\"https:\/\/www.campingbellaterra.com\/de\/kinderspielplatz\/#primaryimage\"},\"thumbnailUrl\":\"https:\/\/www.campingbellaterra.com\/wp-content\/uploads\/parc-infantil-main.webp\",\"datePublished\":\"2022-03-31T07:54:32+00:00\",\"dateModified\":\"2024-11-15T10:39:05+00:00\",\"breadcrumb\":{\"@id\":\"https:\/\/www.campingbellaterra.com\/de\/kinderspielplatz\/#breadcrumb\"},\"inLanguage\":\"de\",\"potentialAction\":[{\"@type\":\"ReadAction\",\"target\":[\"https:\/\/www.campingbellaterra.com\/de\/kinderspielplatz\/\"]}]},{\"@type\":\"ImageObject\",\"inLanguage\":\"de\",\"@id\":\"https:\/\/www.campingbellaterra.com\/de\/kinderspielplatz\/#primaryimage\",\"url\":\"https:\/\/www.campingbellaterra.com\/wp-content\/uploads\/parc-infantil-main.webp\",\"contentUrl\":\"https:\/\/www.campingbellaterra.com\/wp-content\/uploads\/parc-infantil-main.webp\"},{\"@type\":\"BreadcrumbList\",\"@id\":\"https:\/\/www.campingbellaterra.com\/de\/kinderspielplatz\/#breadcrumb\",\"itemListElement\":[{\"@type\":\"ListItem\",\"position\":1,\"name\":\"Inici\",\"item\":\"https:\/\/www.campingbellaterra.com\/de\/\"},{\"@type\":\"ListItem\",\"position\":2,\"name\":\"Kinderspielplatz\"}]},{\"@type\":\"WebSite\",\"@id\":\"https:\/\/www.campingbellaterra.com\/de\/#website\",\"url\":\"https:\/\/www.campingbellaterra.com\/de\/\",\"name\":\"Camping Bella Terra\",\"description\":\"Otro sitio realizado con WordPress\",\"publisher\":{\"@id\":\"https:\/\/www.campingbellaterra.com\/de\/#organization\"},\"potentialAction\":[{\"@type\":\"SearchAction\",\"target\":{\"@type\":\"EntryPoint\",\"urlTemplate\":\"https:\/\/www.campingbellaterra.com\/de\/?s={search_term_string}\"},\"query-input\":{\"@type\":\"PropertyValueSpecification\",\"valueRequired\":true,\"valueName\":\"search_term_string\"}}],\"inLanguage\":\"de\"},{\"@type\":\"Organization\",\"@id\":\"https:\/\/www.campingbellaterra.com\/de\/#organization\",\"name\":\"Camping Bella Terra\",\"url\":\"https:\/\/www.campingbellaterra.com\/de\/\",\"logo\":{\"@type\":\"ImageObject\",\"inLanguage\":\"de\",\"@id\":\"https:\/\/www.campingbellaterra.com\/de\/#\/schema\/logo\/image\/\",\"url\":\"https:\/\/www.campingbellaterra.com\/wp-content\/uploads\/logo6.svg\",\"contentUrl\":\"https:\/\/www.campingbellaterra.com\/wp-content\/uploads\/logo6.svg\",\"width\":\"2048\",\"height\":\"2048\",\"caption\":\"Camping Bella Terra\"},\"image\":{\"@id\":\"https:\/\/www.campingbellaterra.com\/de\/#\/schema\/logo\/image\/\"},\"sameAs\":[\"https:\/\/www.facebook.com\/campingbellaterra\/\",\"https:\/\/x.com\/cbellaterra\",\"https:\/\/www.instagram.com\/campingbellaterra\/\",\"https:\/\/www.youtube.com\/c\/Camping-Bellaterra-Blanes\",\"https:\/\/www.tripadvisor.es\/Hotel_Review-g580331-d3328184-Reviews-Camping_Bella_Terra-Blanes_Costa_Brava_Province_of_Girona_Catalonia.html\"]}]}<\/script>\n<!-- \/ Yoast SEO plugin. -->","yoast_head_json":{"title":"Kinderspielplatz - Camping Bella Terra","robots":{"index":"index","follow":"follow","max-snippet":"max-snippet:-1","max-image-preview":"max-image-preview:large","max-video-preview":"max-video-preview:-1"},"canonical":"https:\/\/www.campingbellaterra.com\/de\/kinderspielplatz\/","og_locale":"de_DE","og_type":"article","og_title":"Kinderspielplatz - Camping Bella Terra","og_description":"Auf unserem Spielplatz, der einem lustigen Dschungel nachempfunden wurde, k\u00f6nnen die Kleinen von der Spitze der T\u00fcrme die Rutschen hinunterrutschen, Tic-Tac-Toe spielen, verschlungene Br\u00fccken \u00fcberqueren...","og_url":"https:\/\/www.campingbellaterra.com\/de\/kinderspielplatz\/","og_site_name":"Camping Bella Terra","article_publisher":"https:\/\/www.facebook.com\/campingbellaterra\/","article_modified_time":"2024-11-15T10:39:05+00:00","og_image":[{"url":"https:\/\/www.campingbellaterra.com\/wp-content\/uploads\/parc-infantil-main.webp","type":"","width":"","height":""}],"twitter_card":"summary_large_image","twitter_site":"@cbellaterra","twitter_misc":{"Gesch\u00e4tzte Lesezeit":"2\u00a0Minuten"},"schema":{"@context":"https:\/\/schema.org","@graph":[{"@type":"WebPage","@id":"https:\/\/www.campingbellaterra.com\/de\/kinderspielplatz\/","url":"https:\/\/www.campingbellaterra.com\/de\/kinderspielplatz\/","name":"Kinderspielplatz - Camping Bella Terra","isPartOf":{"@id":"https:\/\/www.campingbellaterra.com\/de\/#website"},"primaryImageOfPage":{"@id":"https:\/\/www.campingbellaterra.com\/de\/kinderspielplatz\/#primaryimage"},"image":{"@id":"https:\/\/www.campingbellaterra.com\/de\/kinderspielplatz\/#primaryimage"},"thumbnailUrl":"https:\/\/www.campingbellaterra.com\/wp-content\/uploads\/parc-infantil-main.webp","datePublished":"2022-03-31T07:54:32+00:00","dateModified":"2024-11-15T10:39:05+00:00","breadcrumb":{"@id":"https:\/\/www.campingbellaterra.com\/de\/kinderspielplatz\/#breadcrumb"},"inLanguage":"de","potentialAction":[{"@type":"ReadAction","target":["https:\/\/www.campingbellaterra.com\/de\/kinderspielplatz\/"]}]},{"@type":"ImageObject","inLanguage":"de","@id":"https:\/\/www.campingbellaterra.com\/de\/kinderspielplatz\/#primaryimage","url":"https:\/\/www.campingbellaterra.com\/wp-content\/uploads\/parc-infantil-main.webp","contentUrl":"https:\/\/www.campingbellaterra.com\/wp-content\/uploads\/parc-infantil-main.webp"},{"@type":"BreadcrumbList","@id":"https:\/\/www.campingbellaterra.com\/de\/kinderspielplatz\/#breadcrumb","itemListElement":[{"@type":"ListItem","position":1,"name":"Inici","item":"https:\/\/www.campingbellaterra.com\/de\/"},{"@type":"ListItem","position":2,"name":"Kinderspielplatz"}]},{"@type":"WebSite","@id":"https:\/\/www.campingbellaterra.com\/de\/#website","url":"https:\/\/www.campingbellaterra.com\/de\/","name":"Camping Bella Terra","description":"Otro sitio realizado con WordPress","publisher":{"@id":"https:\/\/www.campingbellaterra.com\/de\/#organization"},"potentialAction":[{"@type":"SearchAction","target":{"@type":"EntryPoint","urlTemplate":"https:\/\/www.campingbellaterra.com\/de\/?s={search_term_string}"},"query-input":{"@type":"PropertyValueSpecification","valueRequired":true,"valueName":"search_term_string"}}],"inLanguage":"de"},{"@type":"Organization","@id":"https:\/\/www.campingbellaterra.com\/de\/#organization","name":"Camping Bella Terra","url":"https:\/\/www.campingbellaterra.com\/de\/","logo":{"@type":"ImageObject","inLanguage":"de","@id":"https:\/\/www.campingbellaterra.com\/de\/#\/schema\/logo\/image\/","url":"https:\/\/www.campingbellaterra.com\/wp-content\/uploads\/logo6.svg","contentUrl":"https:\/\/www.campingbellaterra.com\/wp-content\/uploads\/logo6.svg","width":"2048","height":"2048","caption":"Camping Bella Terra"},"image":{"@id":"https:\/\/www.campingbellaterra.com\/de\/#\/schema\/logo\/image\/"},"sameAs":["https:\/\/www.facebook.com\/campingbellaterra\/","https:\/\/x.com\/cbellaterra","https:\/\/www.instagram.com\/campingbellaterra\/","https:\/\/www.youtube.com\/c\/Camping-Bellaterra-Blanes","https:\/\/www.tripadvisor.es\/Hotel_Review-g580331-d3328184-Reviews-Camping_Bella_Terra-Blanes_Costa_Brava_Province_of_Girona_Catalonia.html"]}]}},"_links":{"self":[{"href":"https:\/\/www.campingbellaterra.com\/de\/wp-json\/wp\/v2\/pages\/14462","targetHints":{"allow":["GET"]}}],"collection":[{"href":"https:\/\/www.campingbellaterra.com\/de\/wp-json\/wp\/v2\/pages"}],"about":[{"href":"https:\/\/www.campingbellaterra.com\/de\/wp-json\/wp\/v2\/types\/page"}],"author":[{"embeddable":true,"href":"https:\/\/www.campingbellaterra.com\/de\/wp-json\/wp\/v2\/users\/1"}],"replies":[{"embeddable":true,"href":"https:\/\/www.campingbellaterra.com\/de\/wp-json\/wp\/v2\/comments?post=14462"}],"version-history":[{"count":5,"href":"https:\/\/www.campingbellaterra.com\/de\/wp-json\/wp\/v2\/pages\/14462\/revisions"}],"predecessor-version":[{"id":20314,"href":"https:\/\/www.campingbellaterra.com\/de\/wp-json\/wp\/v2\/pages\/14462\/revisions\/20314"}],"wp:attachment":[{"href":"https:\/\/www.campingbellaterra.com\/de\/wp-json\/wp\/v2\/media?parent=14462"}],"curies":[{"name":"wp","href":"https:\/\/api.w.org\/{rel}","templated":true}]}}