{"id":14472,"date":"2022-04-22T11:55:24","date_gmt":"2022-04-22T09:55:24","guid":{"rendered":"https:\/\/www.campingbellaterra.com\/kontakt\/"},"modified":"2024-11-15T12:11:45","modified_gmt":"2024-11-15T11:11:45","slug":"kontakt","status":"publish","type":"page","link":"https:\/\/www.campingbellaterra.com\/de\/kontakt\/","title":{"rendered":"Kontakt"},"content":{"rendered":"<div class=\"wp-block-cover alignfull is-light wp-align-content-end scroll-down\" style=\"min-height:100vh;aspect-ratio:unset;\"><span aria-hidden=\"true\" class=\"wp-block-cover__background has-background-dim-10 has-background-dim\"><\/span><noscript><img decoding=\"async\" width=\"1920\" height=\"1080\" class=\"wp-block-cover__image-background wp-image-13629\" alt src=\"https:\/\/www.campingbellaterra.com\/wp-content\/uploads\/contacte-main.webp\" data-object-fit=\"cover\" srcset=\"https:\/\/www.campingbellaterra.com\/wp-content\/uploads\/contacte-main.webp 1920w, https:\/\/www.campingbellaterra.com\/wp-content\/uploads\/contacte-main-1024x576.webp 1024w, https:\/\/www.campingbellaterra.com\/wp-content\/uploads\/contacte-main-768x432.webp 768w, https:\/\/www.campingbellaterra.com\/wp-content\/uploads\/contacte-main-1536x864.webp 1536w\" sizes=\"(max-width: 1920px) 100vw, 1920px\"><\/noscript><img decoding=\"async\" width=\"1920\" height=\"1080\" class=\"wp-block-cover__image-background wp-image-13629 lazyload\" alt src=\"data:image\/svg+xml,%3Csvg%20xmlns%3D%22http%3A%2F%2Fwww.w3.org%2F2000%2Fsvg%22%20viewBox%3D%220%200%201920%201080%22%3E%3C%2Fsvg%3E\" data-object-fit=\"cover\" srcset=\"data:image\/svg+xml,%3Csvg%20xmlns%3D%22http%3A%2F%2Fwww.w3.org%2F2000%2Fsvg%22%20viewBox%3D%220%200%201920%201080%22%3E%3C%2Fsvg%3E 1920w\" sizes=\"(max-width: 1920px) 100vw, 1920px\" data-srcset=\"https:\/\/www.campingbellaterra.com\/wp-content\/uploads\/contacte-main.webp 1920w, https:\/\/www.campingbellaterra.com\/wp-content\/uploads\/contacte-main-1024x576.webp 1024w, https:\/\/www.campingbellaterra.com\/wp-content\/uploads\/contacte-main-768x432.webp 768w, https:\/\/www.campingbellaterra.com\/wp-content\/uploads\/contacte-main-1536x864.webp 1536w\" data-src=\"https:\/\/www.campingbellaterra.com\/wp-content\/uploads\/contacte-main.webp\"><div class=\"wp-block-cover__inner-container is-layout-flow wp-block-cover-is-layout-flow\">\n<div class=\"wp-block-columns is-not-stacked-on-mobile alignwide is-layout-flex wp-container-core-columns-is-layout-28f84493 wp-block-columns-is-layout-flex\">\n<div class=\"wp-block-column is-vertically-aligned-bottom is-layout-flow wp-block-column-is-layout-flow\" style=\"flex-basis:75%\">\n<h1 class=\"wp-block-heading large-text-shadow has-blank-white-color has-text-color\" id=\"a-peu-de-platja\">Kontakt<\/h1>\n\n\n\n<p class=\"short-text-shadow icon-date_range has-blank-white-color has-text-color has-link-color wp-elements-15d1b01851e6d254f3d642392f736ded\">Er\u00f6ffnungstermin: 28. M\u00e4rz<\/p>\n<\/div>\n\n\n\n<div class=\"wp-block-column is-vertically-aligned-bottom is-layout-flow wp-block-column-is-layout-flow\" style=\"flex-basis:25%\"><div id=\"owm-weather-id-497-1\" class=\"owm-weather-id\" data-id=\"497\" data-weather_id=\"owm-weather-id-497-1\"><div class=\"owmw-loading-spinner\"><button id=\"button-owm-weather-id-497-1\" onclick=\"owmw_refresh_weather(this.id)\"><noscript><img decoding=\"async\" src=\"https:\/\/www.campingbellaterra.com\/wp-content\/plugins\/owm-weather\/img\/owmloading.gif\" alt=\"loader\"><\/noscript><img decoding=\"async\" src=\"data:image\/gif;base64,R0lGODlhAQABAIAAAAAAAP\/\/\/yH5BAEAAAAALAAAAAABAAEAAAIBRAA7\" alt=\"loader\" data-src=\"https:\/\/www.campingbellaterra.com\/wp-content\/plugins\/owm-weather\/img\/owmloading.gif\" class=\" lazyload\"><\/button><\/div><\/div>\n<\/div>\n<\/div>\n\n\n\n<div class=\"wp-block-buttons is-content-justification-center is-layout-flex wp-container-core-buttons-is-layout-a89b3969 wp-block-buttons-is-layout-flex\">\n<div class=\"wp-block-button icon-mouse icon-link\"><a class=\"wp-block-button__link wp-element-button\" href=\"#scrolldown\"><strong>scrolldown<\/strong><\/a><\/div>\n<\/div>\n<\/div><\/div>\n\n\n\n<div class=\"wp-block-cover alignwide is-light cover-auto-height scrolldown wp-duotone-b0e5d2-b0e5d2-6\" id=\"scrolldown\"><span aria-hidden=\"true\" class=\"wp-block-cover__background has-background-dim-0 has-background-dim\"><\/span><noscript><img decoding=\"async\" width=\"1000\" height=\"237\" class=\"wp-block-cover__image-background wp-image-13636\" alt src=\"https:\/\/www.campingbellaterra.com\/wp-content\/uploads\/brush-08.svg\" data-object-fit=\"cover\"><\/noscript><img decoding=\"async\" width=\"1000\" height=\"237\" class=\"wp-block-cover__image-background wp-image-13636 lazyload\" alt src=\"data:image\/svg+xml,%3Csvg%20xmlns%3D%22http%3A%2F%2Fwww.w3.org%2F2000%2Fsvg%22%20viewBox%3D%220%200%201000%20237%22%3E%3C%2Fsvg%3E\" data-object-fit=\"cover\" data-src=\"https:\/\/www.campingbellaterra.com\/wp-content\/uploads\/brush-08.svg\"><div class=\"wp-block-cover__inner-container is-layout-flow wp-block-cover-is-layout-flow\">\n<p class=\"has-text-align-center alignnormal\">Wenn Sie Kontakt zu uns aufnehmen m\u00f6chten, k\u00f6nnen Sie dies durch nachstehendes Formular, per Telefon oder \u00fcber unsere sozialen Netzwerke (@campingbellaterra) tun.<\/p>\n\n\n\n<div class=\"wp-block-group is-content-justification-center is-layout-flex wp-container-core-group-is-layout-b02886af wp-block-group-is-layout-flex\">\n<figure class=\"wp-block-image aligncenter size-large is-resized wp-duotone-000-000-1\"><a href=\"https:\/\/www.facebook.com\/campingbellaterra\/\" target=\"_blank\" rel=\"noopener\"><noscript><img decoding=\"async\" width=\"24\" height=\"24\" src=\"https:\/\/www.campingbellaterra.com\/wp-content\/uploads\/facebook.svg\" alt class=\"wp-image-14128\" style=\"width:40px\"><\/noscript><img decoding=\"async\" width=\"24\" height=\"24\" src=\"data:image\/svg+xml,%3Csvg%20xmlns%3D%22http%3A%2F%2Fwww.w3.org%2F2000%2Fsvg%22%20viewBox%3D%220%200%2024%2024%22%3E%3C%2Fsvg%3E\" alt class=\"wp-image-14128 lazyload\" style=\"width:40px\" data-src=\"https:\/\/www.campingbellaterra.com\/wp-content\/uploads\/facebook.svg\"><\/a><\/figure>\n\n\n\n<figure class=\"wp-block-image aligncenter size-large is-resized wp-duotone-000-000-2\"><a href=\"https:\/\/www.instagram.com\/campingbellaterra\/\" target=\"_blank\" rel=\"noopener\"><noscript><img decoding=\"async\" width=\"24\" height=\"24\" src=\"https:\/\/www.campingbellaterra.com\/wp-content\/uploads\/instagram.svg\" alt class=\"wp-image-14135\" style=\"width:40px\"><\/noscript><img decoding=\"async\" width=\"24\" height=\"24\" src=\"data:image\/svg+xml,%3Csvg%20xmlns%3D%22http%3A%2F%2Fwww.w3.org%2F2000%2Fsvg%22%20viewBox%3D%220%200%2024%2024%22%3E%3C%2Fsvg%3E\" alt class=\"wp-image-14135 lazyload\" style=\"width:40px\" data-src=\"https:\/\/www.campingbellaterra.com\/wp-content\/uploads\/instagram.svg\"><\/a><\/figure>\n\n\n\n<figure class=\"wp-block-image aligncenter size-large is-resized wp-duotone-000-000-3\"><a href=\"https:\/\/www.tripadvisor.es\/Hotel_Review-g580331-d3328184-Reviews-Camping_Bella_Terra-Blanes_Costa_Brava_Province_of_Girona_Catalonia.html\" target=\"_blank\" rel=\"noopener\"><noscript><img decoding=\"async\" width=\"24\" height=\"16\" src=\"https:\/\/www.campingbellaterra.com\/wp-content\/uploads\/tripadvisor.svg\" alt class=\"wp-image-14142\" style=\"width:40px\"><\/noscript><img decoding=\"async\" width=\"24\" height=\"16\" src=\"data:image\/svg+xml,%3Csvg%20xmlns%3D%22http%3A%2F%2Fwww.w3.org%2F2000%2Fsvg%22%20viewBox%3D%220%200%2024%2016%22%3E%3C%2Fsvg%3E\" alt class=\"wp-image-14142 lazyload\" style=\"width:40px\" data-src=\"https:\/\/www.campingbellaterra.com\/wp-content\/uploads\/tripadvisor.svg\"><\/a><\/figure>\n\n\n\n<figure class=\"wp-block-image aligncenter size-large is-resized wp-duotone-000-000-4\"><a href=\"https:\/\/twitter.com\/cbellaterra\" target=\"_blank\" rel=\"noopener\"><noscript><img decoding=\"async\" width=\"24\" height=\"20\" src=\"https:\/\/www.campingbellaterra.com\/wp-content\/uploads\/twitter.svg\" alt class=\"wp-image-14149\" style=\"width:40px\"><\/noscript><img decoding=\"async\" width=\"24\" height=\"20\" src=\"data:image\/svg+xml,%3Csvg%20xmlns%3D%22http%3A%2F%2Fwww.w3.org%2F2000%2Fsvg%22%20viewBox%3D%220%200%2024%2020%22%3E%3C%2Fsvg%3E\" alt class=\"wp-image-14149 lazyload\" style=\"width:40px\" data-src=\"https:\/\/www.campingbellaterra.com\/wp-content\/uploads\/twitter.svg\"><\/a><\/figure>\n\n\n\n<figure class=\"wp-block-image aligncenter size-large is-resized wp-duotone-000-000-5\"><a href=\"https:\/\/www.youtube.com\/c\/Camping-Bellaterra-Blanes\"><noscript><img decoding=\"async\" width=\"24\" height=\"17\" src=\"https:\/\/www.campingbellaterra.com\/wp-content\/uploads\/youtube.svg\" alt class=\"wp-image-14156\" style=\"width:40px\"><\/noscript><img decoding=\"async\" width=\"24\" height=\"17\" src=\"data:image\/svg+xml,%3Csvg%20xmlns%3D%22http%3A%2F%2Fwww.w3.org%2F2000%2Fsvg%22%20viewBox%3D%220%200%2024%2017%22%3E%3C%2Fsvg%3E\" alt class=\"wp-image-14156 lazyload\" style=\"width:40px\" data-src=\"https:\/\/www.campingbellaterra.com\/wp-content\/uploads\/youtube.svg\"><\/a><\/figure>\n<\/div>\n<\/div><\/div>\n\n\n\n<div class=\"wp-block-group alignfull wp-block-no-margin-y wp-block-icons-1 block-bottom has-blank-blue-background-color has-background is-layout-constrained wp-container-core-group-is-layout-2db066cb wp-block-group-is-layout-constrained\">\n<div class=\"wp-block-columns is-layout-flex wp-container-core-columns-is-layout-28f84493 wp-block-columns-is-layout-flex\">\n<div class=\"wp-block-column is-layout-flow wp-block-column-is-layout-flow\">\n<figure class=\"wp-block-image aligncenter size-large is-style-rounded\"><noscript><img decoding=\"async\" width=\"48\" height=\"48\" src=\"https:\/\/www.campingbellaterra.com\/wp-content\/uploads\/envelope.svg\" alt class=\"wp-image-13648\"><\/noscript><img decoding=\"async\" width=\"48\" height=\"48\" src=\"data:image\/svg+xml,%3Csvg%20xmlns%3D%22http%3A%2F%2Fwww.w3.org%2F2000%2Fsvg%22%20viewBox%3D%220%200%2048%2048%22%3E%3C%2Fsvg%3E\" alt class=\"wp-image-13648 lazyload\" data-src=\"https:\/\/www.campingbellaterra.com\/wp-content\/uploads\/envelope.svg\"><figcaption class=\"wp-element-caption\"><a href=\"mailto:info@campingbellaterra.com\">info@campingbellaterra.com<\/a><\/figcaption><\/figure>\n<\/div>\n\n\n\n<div class=\"wp-block-column is-layout-flow wp-block-column-is-layout-flow\">\n<figure class=\"wp-block-image aligncenter size-large is-style-rounded\"><noscript><img decoding=\"async\" width=\"48\" height=\"48\" src=\"https:\/\/www.campingbellaterra.com\/wp-content\/uploads\/phone.svg\" alt class=\"wp-image-13655\"><\/noscript><img decoding=\"async\" width=\"48\" height=\"48\" src=\"data:image\/svg+xml,%3Csvg%20xmlns%3D%22http%3A%2F%2Fwww.w3.org%2F2000%2Fsvg%22%20viewBox%3D%220%200%2048%2048%22%3E%3C%2Fsvg%3E\" alt class=\"wp-image-13655 lazyload\" data-src=\"https:\/\/www.campingbellaterra.com\/wp-content\/uploads\/phone.svg\"><figcaption class=\"wp-element-caption\"><a href=\"tel:0034972348017\">+34 972 348 017<\/a><br><a href=\"http:\/\/+34%20972%2034%2080%2023\">+34 972 348 023<\/a><\/figcaption><\/figure>\n<\/div>\n\n\n\n<div class=\"wp-block-column is-layout-flow wp-block-column-is-layout-flow\">\n<figure class=\"wp-block-image aligncenter size-large is-style-rounded\"><noscript><img decoding=\"async\" width=\"48\" height=\"48\" src=\"https:\/\/www.campingbellaterra.com\/wp-content\/uploads\/location.svg\" alt class=\"wp-image-13663\"><\/noscript><img decoding=\"async\" width=\"48\" height=\"48\" src=\"data:image\/svg+xml,%3Csvg%20xmlns%3D%22http%3A%2F%2Fwww.w3.org%2F2000%2Fsvg%22%20viewBox%3D%220%200%2048%2048%22%3E%3C%2Fsvg%3E\" alt class=\"wp-image-13663 lazyload\" data-src=\"https:\/\/www.campingbellaterra.com\/wp-content\/uploads\/location.svg\"><figcaption class=\"wp-element-caption\"><a href=\"https:\/\/www.google.es\/maps\/place\/C%C3%A0mping+Bella+Terra+-+Costa+Brava\/@41.6582655,2.7768077,17z\/data=!3m1!4b1!4m8!3m7!1s0x12bb161d48df62c9:0xa0b388a5a821a7fd!5m2!4m1!1i2!8m2!3d41.6582655!4d2.7790017?hl=ca&amp;authuser=0\">Av Vila de Madrid, 35-40<br>17300 Blanes (Costa Brava)<\/a><\/figcaption><\/figure>\n<\/div>\n<\/div>\n<\/div>\n\n\n\n<div class=\"wp-block-contact-form-7-contact-form-selector alignwide block-bottom\">\n<div class=\"wpcf7 no-js\" id=\"wpcf7-f14524-o1\" lang=\"de-DE\" dir=\"ltr\" data-wpcf7-id=\"14524\">\n<div class=\"screen-reader-response\"><p role=\"status\" aria-live=\"polite\" aria-atomic=\"true\"><\/p> <ul><\/ul><\/div>\n<form action=\"\/de\/wp-json\/wp\/v2\/pages\/14472#wpcf7-f14524-o1\" method=\"post\" class=\"wpcf7-form init\" aria-label=\"Kontaktformular\" novalidate=\"novalidate\" data-status=\"init\">\n<fieldset class=\"hidden-fields-container\"><input type=\"hidden\" name=\"_wpcf7\" value=\"14524\"><input type=\"hidden\" name=\"_wpcf7_version\" value=\"6.1.5\"><input type=\"hidden\" name=\"_wpcf7_locale\" value=\"de_DE\"><input type=\"hidden\" name=\"_wpcf7_unit_tag\" value=\"wpcf7-f14524-o1\"><input type=\"hidden\" name=\"_wpcf7_container_post\" value=\"0\"><input type=\"hidden\" name=\"_wpcf7_posted_data_hash\" value><input type=\"hidden\" name=\"_wpcf7_recaptcha_response\" value>\n<\/fieldset>\n<div class=\"form-contacto\">\n\t<div class=\"fields-wrapper\">\n\t\t<p><label for=\"cont-nombre\">Vorname<\/label><span class=\"wpcf7-form-control-wrap\" data-name=\"cont-name\"><input size=\"40\" maxlength=\"400\" class=\"wpcf7-form-control wpcf7-text wpcf7-validates-as-required\" aria-required=\"true\" aria-invalid=\"false\" value type=\"text\" name=\"cont-name\"><\/span>\n\t\t<\/p>\n\t<\/div>\n\t<div class=\"fields-wrapper\">\n\t\t<p><label for=\"cont-email\">Email<\/label><span class=\"wpcf7-form-control-wrap\" data-name=\"cont-email\"><input size=\"40\" maxlength=\"400\" class=\"wpcf7-form-control wpcf7-email wpcf7-validates-as-required wpcf7-text wpcf7-validates-as-email\" aria-required=\"true\" aria-invalid=\"false\" value type=\"email\" name=\"cont-email\"><\/span>\n\t\t<\/p>\n\t<\/div>\n\t<div class=\"fields-wrapper\">\n\t\t<p><label for=\"cont-subject\">Angelegenheit<\/label><span class=\"wpcf7-form-control-wrap\" data-name=\"cont-subject\"><input size=\"40\" maxlength=\"400\" class=\"wpcf7-form-control wpcf7-text\" aria-invalid=\"false\" value type=\"text\" name=\"cont-subject\"><\/span>\n\t\t<\/p>\n\t<\/div>\n\t<div class=\"fields-wrapper\">\n\t\t<p><label for=\"cont-consulta\">Konsultieren<\/label><span class=\"wpcf7-form-control-wrap\" data-name=\"cont-consulta\"><textarea cols=\"40\" rows=\"10\" maxlength=\"2000\" class=\"wpcf7-form-control wpcf7-textarea wpcf7-validates-as-required\" aria-required=\"true\" aria-invalid=\"false\" name=\"cont-consulta\"><\/textarea><\/span>\n\t\t<\/p>\n\t<\/div>\n\t<div class=\"fields-wrapper\">\n\t\t<p><span class=\"wpcf7-form-control-wrap\" data-name=\"cont-acceptance\"><span class=\"wpcf7-form-control wpcf7-acceptance\"><span class=\"wpcf7-list-item\"><label><input type=\"checkbox\" name=\"cont-acceptance\" value=\"1\" aria-invalid=\"false\"><span class=\"wpcf7-list-item-label\">Ich habe die Datenschutzerkl\u00e4rung gelesen und akzeptiere sie.<\/span><\/label><\/span><\/span><\/span>\n\t\t<\/p>\n\t<\/div>\n\t<p><input class=\"wpcf7-form-control wpcf7-submit has-spinner wp-block-button__link has-blank-blue-background-color has-background\" type=\"submit\" value=\"Envia\">\n\t<\/p>\n<\/div><div class=\"wpcf7-response-output\" aria-hidden=\"true\"><\/div>\n<\/form>\n<\/div>\n<\/div>\n","protected":false},"excerpt":{"rendered":"","protected":false},"author":1,"featured_media":0,"parent":0,"menu_order":17,"comment_status":"closed","ping_status":"closed","template":"","meta":{"_acf_changed":false,"inline_featured_image":false,"_monsterinsights_skip_tracking":false,"_monsterinsights_sitenote_active":false,"_monsterinsights_sitenote_note":"","_monsterinsights_sitenote_category":0,"footnotes":""},"class_list":["post-14472","page","type-page","status-publish","hentry"],"acf":[],"yoast_head":"<!-- This site is optimized with the Yoast SEO plugin v27.0 - https:\/\/yoast.com\/product\/yoast-seo-wordpress\/ -->\n<title>Kontakt - Camping Bella Terra<\/title>\n<meta name=\"robots\" content=\"index, follow, max-snippet:-1, max-image-preview:large, max-video-preview:-1\" \/>\n<link rel=\"canonical\" href=\"https:\/\/www.campingbellaterra.com\/de\/kontakt\/\" \/>\n<meta property=\"og:locale\" content=\"de_DE\" \/>\n<meta property=\"og:type\" content=\"article\" \/>\n<meta property=\"og:title\" content=\"Kontakt - Camping Bella Terra\" \/>\n<meta property=\"og:url\" content=\"https:\/\/www.campingbellaterra.com\/de\/kontakt\/\" \/>\n<meta property=\"og:site_name\" content=\"Camping Bella Terra\" \/>\n<meta property=\"article:publisher\" content=\"https:\/\/www.facebook.com\/campingbellaterra\/\" \/>\n<meta property=\"article:modified_time\" content=\"2024-11-15T11:11:45+00:00\" \/>\n<meta property=\"og:image\" content=\"https:\/\/www.campingbellaterra.com\/wp-content\/uploads\/contacte-main.webp\" \/>\n<meta name=\"twitter:card\" content=\"summary_large_image\" \/>\n<meta name=\"twitter:site\" content=\"@cbellaterra\" \/>\n<meta name=\"twitter:label1\" content=\"Gesch\u00e4tzte Lesezeit\" \/>\n\t<meta name=\"twitter:data1\" content=\"5\u00a0Minuten\" \/>\n<script type=\"application\/ld+json\" class=\"yoast-schema-graph\">{\"@context\":\"https:\/\/schema.org\",\"@graph\":[{\"@type\":\"WebPage\",\"@id\":\"https:\/\/www.campingbellaterra.com\/de\/kontakt\/\",\"url\":\"https:\/\/www.campingbellaterra.com\/de\/kontakt\/\",\"name\":\"Kontakt - Camping Bella Terra\",\"isPartOf\":{\"@id\":\"https:\/\/www.campingbellaterra.com\/de\/#website\"},\"primaryImageOfPage\":{\"@id\":\"https:\/\/www.campingbellaterra.com\/de\/kontakt\/#primaryimage\"},\"image\":{\"@id\":\"https:\/\/www.campingbellaterra.com\/de\/kontakt\/#primaryimage\"},\"thumbnailUrl\":\"https:\/\/www.campingbellaterra.com\/wp-content\/uploads\/contacte-main.webp\",\"datePublished\":\"2022-04-22T09:55:24+00:00\",\"dateModified\":\"2024-11-15T11:11:45+00:00\",\"breadcrumb\":{\"@id\":\"https:\/\/www.campingbellaterra.com\/de\/kontakt\/#breadcrumb\"},\"inLanguage\":\"de\",\"potentialAction\":[{\"@type\":\"ReadAction\",\"target\":[\"https:\/\/www.campingbellaterra.com\/de\/kontakt\/\"]}]},{\"@type\":\"ImageObject\",\"inLanguage\":\"de\",\"@id\":\"https:\/\/www.campingbellaterra.com\/de\/kontakt\/#primaryimage\",\"url\":\"https:\/\/www.campingbellaterra.com\/wp-content\/uploads\/contacte-main.webp\",\"contentUrl\":\"https:\/\/www.campingbellaterra.com\/wp-content\/uploads\/contacte-main.webp\"},{\"@type\":\"BreadcrumbList\",\"@id\":\"https:\/\/www.campingbellaterra.com\/de\/kontakt\/#breadcrumb\",\"itemListElement\":[{\"@type\":\"ListItem\",\"position\":1,\"name\":\"Inici\",\"item\":\"https:\/\/www.campingbellaterra.com\/de\/\"},{\"@type\":\"ListItem\",\"position\":2,\"name\":\"Kontakt\"}]},{\"@type\":\"WebSite\",\"@id\":\"https:\/\/www.campingbellaterra.com\/de\/#website\",\"url\":\"https:\/\/www.campingbellaterra.com\/de\/\",\"name\":\"Camping Bella Terra\",\"description\":\"Otro sitio realizado con WordPress\",\"publisher\":{\"@id\":\"https:\/\/www.campingbellaterra.com\/de\/#organization\"},\"potentialAction\":[{\"@type\":\"SearchAction\",\"target\":{\"@type\":\"EntryPoint\",\"urlTemplate\":\"https:\/\/www.campingbellaterra.com\/de\/?s={search_term_string}\"},\"query-input\":{\"@type\":\"PropertyValueSpecification\",\"valueRequired\":true,\"valueName\":\"search_term_string\"}}],\"inLanguage\":\"de\"},{\"@type\":\"Organization\",\"@id\":\"https:\/\/www.campingbellaterra.com\/de\/#organization\",\"name\":\"Camping Bella Terra\",\"url\":\"https:\/\/www.campingbellaterra.com\/de\/\",\"logo\":{\"@type\":\"ImageObject\",\"inLanguage\":\"de\",\"@id\":\"https:\/\/www.campingbellaterra.com\/de\/#\/schema\/logo\/image\/\",\"url\":\"https:\/\/www.campingbellaterra.com\/wp-content\/uploads\/logo6.svg\",\"contentUrl\":\"https:\/\/www.campingbellaterra.com\/wp-content\/uploads\/logo6.svg\",\"width\":\"2048\",\"height\":\"2048\",\"caption\":\"Camping Bella Terra\"},\"image\":{\"@id\":\"https:\/\/www.campingbellaterra.com\/de\/#\/schema\/logo\/image\/\"},\"sameAs\":[\"https:\/\/www.facebook.com\/campingbellaterra\/\",\"https:\/\/x.com\/cbellaterra\",\"https:\/\/www.instagram.com\/campingbellaterra\/\",\"https:\/\/www.youtube.com\/c\/Camping-Bellaterra-Blanes\",\"https:\/\/www.tripadvisor.es\/Hotel_Review-g580331-d3328184-Reviews-Camping_Bella_Terra-Blanes_Costa_Brava_Province_of_Girona_Catalonia.html\"]}]}<\/script>\n<!-- \/ Yoast SEO plugin. -->","yoast_head_json":{"title":"Kontakt - Camping Bella Terra","robots":{"index":"index","follow":"follow","max-snippet":"max-snippet:-1","max-image-preview":"max-image-preview:large","max-video-preview":"max-video-preview:-1"},"canonical":"https:\/\/www.campingbellaterra.com\/de\/kontakt\/","og_locale":"de_DE","og_type":"article","og_title":"Kontakt - Camping Bella Terra","og_url":"https:\/\/www.campingbellaterra.com\/de\/kontakt\/","og_site_name":"Camping Bella Terra","article_publisher":"https:\/\/www.facebook.com\/campingbellaterra\/","article_modified_time":"2024-11-15T11:11:45+00:00","og_image":[{"url":"https:\/\/www.campingbellaterra.com\/wp-content\/uploads\/contacte-main.webp","type":"","width":"","height":""}],"twitter_card":"summary_large_image","twitter_site":"@cbellaterra","twitter_misc":{"Gesch\u00e4tzte Lesezeit":"5\u00a0Minuten"},"schema":{"@context":"https:\/\/schema.org","@graph":[{"@type":"WebPage","@id":"https:\/\/www.campingbellaterra.com\/de\/kontakt\/","url":"https:\/\/www.campingbellaterra.com\/de\/kontakt\/","name":"Kontakt - Camping Bella Terra","isPartOf":{"@id":"https:\/\/www.campingbellaterra.com\/de\/#website"},"primaryImageOfPage":{"@id":"https:\/\/www.campingbellaterra.com\/de\/kontakt\/#primaryimage"},"image":{"@id":"https:\/\/www.campingbellaterra.com\/de\/kontakt\/#primaryimage"},"thumbnailUrl":"https:\/\/www.campingbellaterra.com\/wp-content\/uploads\/contacte-main.webp","datePublished":"2022-04-22T09:55:24+00:00","dateModified":"2024-11-15T11:11:45+00:00","breadcrumb":{"@id":"https:\/\/www.campingbellaterra.com\/de\/kontakt\/#breadcrumb"},"inLanguage":"de","potentialAction":[{"@type":"ReadAction","target":["https:\/\/www.campingbellaterra.com\/de\/kontakt\/"]}]},{"@type":"ImageObject","inLanguage":"de","@id":"https:\/\/www.campingbellaterra.com\/de\/kontakt\/#primaryimage","url":"https:\/\/www.campingbellaterra.com\/wp-content\/uploads\/contacte-main.webp","contentUrl":"https:\/\/www.campingbellaterra.com\/wp-content\/uploads\/contacte-main.webp"},{"@type":"BreadcrumbList","@id":"https:\/\/www.campingbellaterra.com\/de\/kontakt\/#breadcrumb","itemListElement":[{"@type":"ListItem","position":1,"name":"Inici","item":"https:\/\/www.campingbellaterra.com\/de\/"},{"@type":"ListItem","position":2,"name":"Kontakt"}]},{"@type":"WebSite","@id":"https:\/\/www.campingbellaterra.com\/de\/#website","url":"https:\/\/www.campingbellaterra.com\/de\/","name":"Camping Bella Terra","description":"Otro sitio realizado con WordPress","publisher":{"@id":"https:\/\/www.campingbellaterra.com\/de\/#organization"},"potentialAction":[{"@type":"SearchAction","target":{"@type":"EntryPoint","urlTemplate":"https:\/\/www.campingbellaterra.com\/de\/?s={search_term_string}"},"query-input":{"@type":"PropertyValueSpecification","valueRequired":true,"valueName":"search_term_string"}}],"inLanguage":"de"},{"@type":"Organization","@id":"https:\/\/www.campingbellaterra.com\/de\/#organization","name":"Camping Bella Terra","url":"https:\/\/www.campingbellaterra.com\/de\/","logo":{"@type":"ImageObject","inLanguage":"de","@id":"https:\/\/www.campingbellaterra.com\/de\/#\/schema\/logo\/image\/","url":"https:\/\/www.campingbellaterra.com\/wp-content\/uploads\/logo6.svg","contentUrl":"https:\/\/www.campingbellaterra.com\/wp-content\/uploads\/logo6.svg","width":"2048","height":"2048","caption":"Camping Bella Terra"},"image":{"@id":"https:\/\/www.campingbellaterra.com\/de\/#\/schema\/logo\/image\/"},"sameAs":["https:\/\/www.facebook.com\/campingbellaterra\/","https:\/\/x.com\/cbellaterra","https:\/\/www.instagram.com\/campingbellaterra\/","https:\/\/www.youtube.com\/c\/Camping-Bellaterra-Blanes","https:\/\/www.tripadvisor.es\/Hotel_Review-g580331-d3328184-Reviews-Camping_Bella_Terra-Blanes_Costa_Brava_Province_of_Girona_Catalonia.html"]}]}},"_links":{"self":[{"href":"https:\/\/www.campingbellaterra.com\/de\/wp-json\/wp\/v2\/pages\/14472","targetHints":{"allow":["GET"]}}],"collection":[{"href":"https:\/\/www.campingbellaterra.com\/de\/wp-json\/wp\/v2\/pages"}],"about":[{"href":"https:\/\/www.campingbellaterra.com\/de\/wp-json\/wp\/v2\/types\/page"}],"author":[{"embeddable":true,"href":"https:\/\/www.campingbellaterra.com\/de\/wp-json\/wp\/v2\/users\/1"}],"replies":[{"embeddable":true,"href":"https:\/\/www.campingbellaterra.com\/de\/wp-json\/wp\/v2\/comments?post=14472"}],"version-history":[{"count":9,"href":"https:\/\/www.campingbellaterra.com\/de\/wp-json\/wp\/v2\/pages\/14472\/revisions"}],"predecessor-version":[{"id":20362,"href":"https:\/\/www.campingbellaterra.com\/de\/wp-json\/wp\/v2\/pages\/14472\/revisions\/20362"}],"wp:attachment":[{"href":"https:\/\/www.campingbellaterra.com\/de\/wp-json\/wp\/v2\/media?parent=14472"}],"curies":[{"name":"wp","href":"https:\/\/api.w.org\/{rel}","templated":true}]}}